{"id":151549,"date":"2025-09-23T13:56:21","date_gmt":"2025-09-23T13:56:21","guid":{"rendered":"https:\/\/rns.az\/news\/"},"modified":"2025-09-23T14:04:28","modified_gmt":"2025-09-23T14:04:28","slug":"news","status":"publish","type":"page","link":"https:\/\/rns.az\/az\/news\/","title":{"rendered":"X\u0259b\u0259rl\u0259r"},"content":{"rendered":"\t\t<div data-elementor-type=\"wp-page\" data-elementor-id=\"151549\" class=\"elementor elementor-151549 elementor-151542\">\n\t\t\t\t\t\t<section class=\"elementor-section elementor-top-section elementor-element elementor-element-0516941 elementor-section-boxed elementor-section-height-default elementor-section-height-default\" data-id=\"0516941\" data-element_type=\"section\">\n\t\t\t\t\t\t<div class=\"elementor-container elementor-column-gap-default\">\n\t\t\t\t\t<div class=\"elementor-column elementor-col-100 elementor-top-column elementor-element elementor-element-52a5f6a\" data-id=\"52a5f6a\" data-element_type=\"column\">\n\t\t\t<div class=\"elementor-widget-wrap elementor-element-populated\">\n\t\t\t\t\t\t<div class=\"elementor-element elementor-element-73b8329 elementor-widget elementor-widget-rhea-ultra-news\" data-id=\"73b8329\" data-element_type=\"widget\" data-widget_type=\"rhea-ultra-news.default\">\n\t\t\t\t<div class=\"elementor-widget-container\">\n\t\t\t        <div id=\"rh-73b8329\" class=\"rhea_ele_property_ajax_target\">\n            <div class=\"home-properties-section-inner-target\">\n\n\t\t\t\t                    <section class=\"rhea_ultra_news_section owl-carousel\" id=\"rhea-carousel-73b8329\">\n\t\t\t\t\t\t                            <article>\n                                <div class=\"rhea_ultra_news_thumbnail\">\n\t\t\t\t\t\t\t\t\t\t<figure>\n\t\t<a href=\"https:\/\/rns.az\/az\/mezhdunarodnom-investiczionnyj-forum-v-sea-breeze\/\" title=\"Sea Breeze-d\u0259 Beyn\u0259lxalq \u0130nvestisiya Forumu!\">\n\t\t\t<img fetchpriority=\"high\" decoding=\"async\" width=\"680\" height=\"510\" src=\"https:\/\/rns.az\/wp-content\/uploads\/2026\/01\/whatsapp-image-2026-01-29-at-17.01.13-680x510.jpeg\" class=\"attachment-modern-property-child-slider size-modern-property-child-slider wp-post-image\" alt=\"\" \/>\t\t<\/a>\n\t<\/figure>\n\t                                        <div class=\"rhea_ultra_post_author\">\n\n                                            <div class=\"rhea_author_avatar\">\n\t\t\t\t\t\t\t\t\t\t\t\t<img alt='' src='https:\/\/secure.gravatar.com\/avatar\/e1e65b2d0520ed9f9427c08e311a45d8?s=96&#038;d=mm&#038;r=g' srcset='https:\/\/secure.gravatar.com\/avatar\/e1e65b2d0520ed9f9427c08e311a45d8?s=192&#038;d=mm&#038;r=g 2x' class='avatar avatar-96 photo' height='96' width='96' \/>                                            <\/div>\n                                            <span class=\"by-author\">\n\t\t\t\t\t\t\t\t\t\t\t<span class=\"rhea_by\">\n\t\t\t\t\t\t\t\t\t\t\t\t\u041e\u0442\t\t\t\t\t\t\t\t\t\t\t<\/span> \n\t\t\t\t\t\t\t\t\t\t\t<span class=\"author-link\">rns_az<\/span>\n\t\t\t\t\t\t\t\t\t\t\t<\/span>\n\n                                        <\/div>\n\t\t\t\t\t\t\t\t\t\t                                <\/div>\n                                <div class=\"rhea_ultra_post_detail\">\n\t\t\t\t\t\t\t\t\t                                        <p class=\"rhea_ultra_news_date\">\n                                            <time class=\"rhea_ultra_date\" datetime=\"Sentyabr 23, 2025\"> Sentyabr 23, 2025<\/time>\n                                        <\/p>\n\t\t\t\t\t\t\t\t\t\t\n                                    <h3 class=\"rhea_ultra_post_title\">\n                                        <a href=\"https:\/\/rns.az\/az\/mezhdunarodnom-investiczionnyj-forum-v-sea-breeze\/\">Sea Breeze-d\u0259 Beyn\u0259lxalq \u0130nvestisiya Forumu!<\/a>\n                                    <\/h3>\n\n\t\t\t\t\t\t\t\t\t                                            <p class=\"rhea_ultra_post_tags\">\n\t\t\t\t\t\t\t\t\t\t\t\t                                                    <a href=\"https:\/\/rns.az\/az\/category\/news-az\/\">news<\/a>\n\t\t\t\t\t\t\t\t\t\t\t\t\t                                            <\/p>\n\t\t\t\t\t\t\t\t\t\t\t                                <\/div>\n                            <\/article>\n\t\t\t\t\t\t\t                            <article>\n                                <div class=\"rhea_ultra_news_thumbnail\">\n\t\t\t\t\t\t\t\t\t\t<figure>\n\t\t<a href=\"https:\/\/rns.az\/az\/v-sea-breeze-proshlo-yarkoe-meropriyatie-posvyashhyonnoe-otkrytiyu-novogo-ofisa-prodazh-%e2%9c%a8\/\" title=\"Sea Breeze-d\u0259 yeni Sat\u0131\u015f ofisinin a\u00e7\u0131l\u0131\u015f\u0131na h\u0259sr olunmu\u015f parlaq t\u0259dbir ke\u00e7irildi! \u2728\">\n\t\t\t<img decoding=\"async\" width=\"680\" height=\"510\" src=\"https:\/\/rns.az\/wp-content\/uploads\/2026\/01\/whatsapp-image-2026-01-30-at-12.43.585454-680x510.jpeg\" class=\"attachment-modern-property-child-slider size-modern-property-child-slider wp-post-image\" alt=\"\" srcset=\"https:\/\/rns.az\/wp-content\/uploads\/2026\/01\/whatsapp-image-2026-01-30-at-12.43.585454-680x510.jpeg 680w, https:\/\/rns.az\/wp-content\/uploads\/2026\/01\/whatsapp-image-2026-01-30-at-12.43.585454-960x720.jpeg 960w\" sizes=\"(max-width: 680px) 100vw, 680px\" \/>\t\t<\/a>\n\t<\/figure>\n\t                                        <div class=\"rhea_ultra_post_author\">\n\n                                            <div class=\"rhea_author_avatar\">\n\t\t\t\t\t\t\t\t\t\t\t\t<img alt='' src='https:\/\/secure.gravatar.com\/avatar\/e1e65b2d0520ed9f9427c08e311a45d8?s=96&#038;d=mm&#038;r=g' srcset='https:\/\/secure.gravatar.com\/avatar\/e1e65b2d0520ed9f9427c08e311a45d8?s=192&#038;d=mm&#038;r=g 2x' class='avatar avatar-96 photo' height='96' width='96' \/>                                            <\/div>\n                                            <span class=\"by-author\">\n\t\t\t\t\t\t\t\t\t\t\t<span class=\"rhea_by\">\n\t\t\t\t\t\t\t\t\t\t\t\t\u041e\u0442\t\t\t\t\t\t\t\t\t\t\t<\/span> \n\t\t\t\t\t\t\t\t\t\t\t<span class=\"author-link\">rns_az<\/span>\n\t\t\t\t\t\t\t\t\t\t\t<\/span>\n\n                                        <\/div>\n\t\t\t\t\t\t\t\t\t\t                                <\/div>\n                                <div class=\"rhea_ultra_post_detail\">\n\t\t\t\t\t\t\t\t\t                                        <p class=\"rhea_ultra_news_date\">\n                                            <time class=\"rhea_ultra_date\" datetime=\"Sentyabr 18, 2025\"> Sentyabr 18, 2025<\/time>\n                                        <\/p>\n\t\t\t\t\t\t\t\t\t\t\n                                    <h3 class=\"rhea_ultra_post_title\">\n                                        <a href=\"https:\/\/rns.az\/az\/v-sea-breeze-proshlo-yarkoe-meropriyatie-posvyashhyonnoe-otkrytiyu-novogo-ofisa-prodazh-%e2%9c%a8\/\">Sea Breeze-d\u0259 yeni Sat\u0131\u015f ofisinin a\u00e7\u0131l\u0131\u015f\u0131na h\u0259sr olunmu\u015f parlaq t\u0259dbir ke\u00e7irildi! \u2728<\/a>\n                                    <\/h3>\n\n\t\t\t\t\t\t\t\t\t                                            <p class=\"rhea_ultra_post_tags\">\n\t\t\t\t\t\t\t\t\t\t\t\t                                                    <a href=\"https:\/\/rns.az\/az\/category\/news-az\/\">news<\/a>\n\t\t\t\t\t\t\t\t\t\t\t\t\t                                                    <a href=\"https:\/\/rns.az\/az\/category\/bez-kategorii-az\/\">\u0411\u0435\u0437 \u043a\u0430\u0442\u0435\u0433\u043e\u0440\u0438\u0438<\/a>\n\t\t\t\t\t\t\t\t\t\t\t\t\t                                            <\/p>\n\t\t\t\t\t\t\t\t\t\t\t                                <\/div>\n                            <\/article>\n\t\t\t\t\t\t\t                            <article>\n                                <div class=\"rhea_ultra_news_thumbnail\">\n\t\t\t\t\t\t\t\t\t\t<figure>\n\t\t<a href=\"https:\/\/rns.az\/az\/arabian-ranches-opening\/\" title=\"RNS komandas\u0131 \u015firk\u0259tin t\u0259sis\u00e7isi Ruslan Nuriyevin r\u0259hb\u0259rliyi il\u0259 Marina Village sat\u0131\u015f ofisinin a\u00e7\u0131l\u0131\u015f\u0131 v\u0259 Arabian Ranches layih\u0259sinin t\u0259qdimat\u0131nda i\u015ftirak etdi.\">\n\t\t\t<img decoding=\"async\" width=\"680\" height=\"510\" src=\"https:\/\/rns.az\/wp-content\/uploads\/2025\/10\/513982336_18272541466263118_5927634587862173536_n-680x510.jpg\" class=\"attachment-modern-property-child-slider size-modern-property-child-slider wp-post-image\" alt=\"\" \/>\t\t<\/a>\n\t<\/figure>\n\t                                        <div class=\"rhea_ultra_post_author\">\n\n                                            <div class=\"rhea_author_avatar\">\n\t\t\t\t\t\t\t\t\t\t\t\t<img alt='' src='https:\/\/secure.gravatar.com\/avatar\/e1e65b2d0520ed9f9427c08e311a45d8?s=96&#038;d=mm&#038;r=g' srcset='https:\/\/secure.gravatar.com\/avatar\/e1e65b2d0520ed9f9427c08e311a45d8?s=192&#038;d=mm&#038;r=g 2x' class='avatar avatar-96 photo' height='96' width='96' \/>                                            <\/div>\n                                            <span class=\"by-author\">\n\t\t\t\t\t\t\t\t\t\t\t<span class=\"rhea_by\">\n\t\t\t\t\t\t\t\t\t\t\t\t\u041e\u0442\t\t\t\t\t\t\t\t\t\t\t<\/span> \n\t\t\t\t\t\t\t\t\t\t\t<span class=\"author-link\">rns_az<\/span>\n\t\t\t\t\t\t\t\t\t\t\t<\/span>\n\n                                        <\/div>\n\t\t\t\t\t\t\t\t\t\t                                <\/div>\n                                <div class=\"rhea_ultra_post_detail\">\n\t\t\t\t\t\t\t\t\t                                        <p class=\"rhea_ultra_news_date\">\n                                            <time class=\"rhea_ultra_date\" datetime=\"\u0130yun 25, 2025\"> \u0130yun 25, 2025<\/time>\n                                        <\/p>\n\t\t\t\t\t\t\t\t\t\t\n                                    <h3 class=\"rhea_ultra_post_title\">\n                                        <a href=\"https:\/\/rns.az\/az\/arabian-ranches-opening\/\">RNS komandas\u0131 \u015firk\u0259tin t\u0259sis\u00e7isi Ruslan Nuriyevin r\u0259hb\u0259rliyi il\u0259 Marina Village sat\u0131\u015f ofisinin a\u00e7\u0131l\u0131\u015f\u0131 v\u0259 Arabian Ranches layih\u0259sinin t\u0259qdimat\u0131nda i\u015ftirak etdi.<\/a>\n                                    <\/h3>\n\n\t\t\t\t\t\t\t\t\t                                            <p class=\"rhea_ultra_post_tags\">\n\t\t\t\t\t\t\t\t\t\t\t\t                                                    <a href=\"https:\/\/rns.az\/az\/category\/news-az\/\">news<\/a>\n\t\t\t\t\t\t\t\t\t\t\t\t\t                                            <\/p>\n\t\t\t\t\t\t\t\t\t\t\t                                <\/div>\n                            <\/article>\n\t\t\t\t\t\t\t                    <\/section>\n\t\t\t\t\t                <div id=\"rhea-nav-73b8329\" class=\"rhea-ultra-carousel-nav-center rhea-ultra-nav-box rhea-ultra-owl-nav owl-nav\">\n                    <div id=\"rhea-dots-73b8329\" class=\"rhea-ultra-owl-dots owl-dots\"><\/div>\n                <\/div>\n            <\/div>\n        <\/div>\n        <script type=\"application\/javascript\">\n\n\t\t\t            jQuery( document ).ready( function () {\n\n                jQuery( \"#rhea-carousel-73b8329\" ).owlCarousel( {\n                    items         : 3,\n                    nav           : true,\n                    dots          : true,\n                    dotsEach      : true,\n                    smartSpeed    : 500,\n                    rtl           : rheaIsRTL(),\n                    loop          : false,\n                    navText       : ['<i class=\"fas fa-caret-left\"><\/i>', '<i class=\"fas fa-caret-right\"><\/i>'],\n                    navContainer  : '#rhea-nav-73b8329',\n                    dotsContainer : '#rhea-dots-73b8329',\n                    responsive    : {\n                        \/\/ breakpoint from 0 up\n                        0    : {\n                            items : 1\n                        },\n                        \/\/ breakpoint from 650 up\n                        650  : {\n                            items  : 2,\n                            margin : 20\n                        },\n                        \/\/ breakpoint from 1140 up\n                        1140 : {\n                            items  : 3,\n                            margin : 30\n                        },\n                        1400 : {\n                            margin : 40\n                        }\n                    }\n                } );\n\n                EREloadNewsSlider();\n            } );\n        <\/script>\n\t\t\t\t<\/div>\n\t\t\t\t<\/div>\n\t\t\t\t\t<\/div>\n\t\t<\/div>\n\t\t\t\t\t<\/div>\n\t\t<\/section>\n\t\t\t\t<\/div>\n\t\t","protected":false},"excerpt":{"rendered":"","protected":false},"author":1,"featured_media":0,"parent":0,"menu_order":0,"comment_status":"closed","ping_status":"closed","template":"","meta":{"_monsterinsights_skip_tracking":false,"_monsterinsights_sitenote_active":false,"_monsterinsights_sitenote_note":"","_monsterinsights_sitenote_category":0,"footnotes":""},"class_list":["post-151549","page","type-page","status-publish","hentry"],"_links":{"self":[{"href":"https:\/\/rns.az\/az\/wp-json\/wp\/v2\/pages\/151549","targetHints":{"allow":["GET"]}}],"collection":[{"href":"https:\/\/rns.az\/az\/wp-json\/wp\/v2\/pages"}],"about":[{"href":"https:\/\/rns.az\/az\/wp-json\/wp\/v2\/types\/page"}],"author":[{"embeddable":true,"href":"https:\/\/rns.az\/az\/wp-json\/wp\/v2\/users\/1"}],"replies":[{"embeddable":true,"href":"https:\/\/rns.az\/az\/wp-json\/wp\/v2\/comments?post=151549"}],"version-history":[{"count":0,"href":"https:\/\/rns.az\/az\/wp-json\/wp\/v2\/pages\/151549\/revisions"}],"wp:attachment":[{"href":"https:\/\/rns.az\/az\/wp-json\/wp\/v2\/media?parent=151549"}],"curies":[{"name":"wp","href":"https:\/\/api.w.org\/{rel}","templated":true}]}}