{"id":8235,"date":"2022-12-20T15:18:36","date_gmt":"2022-12-20T15:18:36","guid":{"rendered":"http:\/\/rns.az\/about-us\/"},"modified":"2025-08-30T07:38:48","modified_gmt":"2025-08-30T07:38:48","slug":"about-us","status":"publish","type":"page","link":"https:\/\/rns.az\/az\/about-us\/","title":{"rendered":"\u015eirk\u0259t Haqqinda"},"content":{"rendered":"\t\t<div data-elementor-type=\"wp-page\" data-elementor-id=\"8235\" class=\"elementor elementor-8235 elementor-7736\">\n\t\t\t\t\t\t<section class=\"elementor-section elementor-top-section elementor-element elementor-element-61cb9fe elementor-section-boxed elementor-section-height-default elementor-section-height-default\" data-id=\"61cb9fe\" data-element_type=\"section\">\n\t\t\t\t\t\t<div class=\"elementor-container elementor-column-gap-default\">\n\t\t\t\t\t<div class=\"elementor-column elementor-col-100 elementor-top-column elementor-element elementor-element-4039258\" data-id=\"4039258\" data-element_type=\"column\">\n\t\t\t<div class=\"elementor-widget-wrap elementor-element-populated\">\n\t\t\t\t\t\t<div class=\"elementor-element elementor-element-61f8698 elementor-widget elementor-widget-heading\" data-id=\"61f8698\" data-element_type=\"widget\" data-widget_type=\"heading.default\">\n\t\t\t\t<div class=\"elementor-widget-container\">\n\t\t\t<h1 class=\"elementor-heading-title elementor-size-large\">RNS.AZ Estate Agency \u2014 Haqq\u0131m\u0131zda<\/h1>\t\t<\/div>\n\t\t\t\t<\/div>\n\t\t\t\t\t<\/div>\n\t\t<\/div>\n\t\t\t\t\t<\/div>\n\t\t<\/section>\n\t\t\t\t<section class=\"elementor-section elementor-top-section elementor-element elementor-element-791c510 elementor-section-boxed elementor-section-height-default elementor-section-height-default\" data-id=\"791c510\" data-element_type=\"section\">\n\t\t\t\t\t\t<div class=\"elementor-container elementor-column-gap-default\">\n\t\t\t\t\t<div class=\"elementor-column elementor-col-100 elementor-top-column elementor-element elementor-element-965abe0\" data-id=\"965abe0\" data-element_type=\"column\">\n\t\t\t<div class=\"elementor-widget-wrap elementor-element-populated\">\n\t\t\t\t\t\t<div class=\"elementor-element elementor-element-1448a59 elementor-position-top elementor-widget elementor-widget-image-box\" data-id=\"1448a59\" data-element_type=\"widget\" data-widget_type=\"image-box.default\">\n\t\t\t\t<div class=\"elementor-widget-container\">\n\t\t\t<div class=\"elementor-image-box-wrapper\"><figure class=\"elementor-image-box-img\"><img decoding=\"async\" src=\"http:\/\/rns.az\/wp-content\/uploads\/2020\/02\/rns-logo-black-round-corners.png\" title=\"\" alt=\"\" loading=\"lazy\" \/><\/figure><div class=\"elementor-image-box-content\"><h3 class=\"elementor-image-box-title\">RNS.AZ Estate Agency \u2014 Bak\u0131da pe\u015f\u0259kar da\u015f\u0131nmaz \u0259mlak agentliyidir. Az\u0259rbaycanda m\u0259nzil, ev v\u0259 kommersiya obyektl\u0259rinin alq\u0131\u2011satq\u0131s\u0131 v\u0259 kiray\u0259sind\u0259 m\u00fc\u015ft\u0259ril\u0259ri \u015f\u0259ffafl\u0131q v\u0259 pe\u015f\u0259karl\u0131qla m\u00fc\u015fayi\u0259t edirik.<\/h3><p class=\"elementor-image-box-description\">Bak\u0131da elit da\u015f\u0131nmaz \u0259mlak\u0131n intellektual se\u00e7imi. Siz biz\u0259 komfortlu h\u0259yat \u00fc\u00e7\u00fcn laz\u0131m olan infrastruktura malik co\u011frafi n\u00f6qt\u0259ni g\u00f6st\u0259rirsiniz, biz is\u0259 yaln\u0131z bizd\u0259 olan bazadan t\u0259l\u0259bl\u0259riniz\u0259 uy\u011fun elit da\u015f\u0131nmaz \u0259mlak\u0131 tap\u0131r\u0131q.<\/p><\/div><\/div>\t\t<\/div>\n\t\t\t\t<\/div>\n\t\t\t\t\t<\/div>\n\t\t<\/div>\n\t\t\t\t\t<\/div>\n\t\t<\/section>\n\t\t\t\t<\/div>\n\t\t","protected":false},"excerpt":{"rendered":"<p>RNS.AZ Estate Agency \u2014 Haqq\u0131m\u0131zda RNS.AZ Estate Agency \u2014 Bak\u0131da pe\u015f\u0259kar da\u015f\u0131nmaz \u0259mlak agentliyidir. Az\u0259rbaycanda m\u0259nzil, ev v\u0259 kommersiya obyektl\u0259rinin alq\u0131\u2011satq\u0131s\u0131 v\u0259 kiray\u0259sind\u0259 m\u00fc\u015ft\u0259ril\u0259ri \u015f\u0259ffafl\u0131q v\u0259 pe\u015f\u0259karl\u0131qla m\u00fc\u015fayi\u0259t edirik. Bak\u0131da elit da\u015f\u0131nmaz \u0259mlak\u0131n intellektual se\u00e7imi. Siz biz\u0259 komfortlu h\u0259yat \u00fc\u00e7\u00fcn laz\u0131m olan infrastruktura malik co\u011frafi n\u00f6qt\u0259ni g\u00f6st\u0259rirsiniz, biz is\u0259 yaln\u0131z bizd\u0259 olan bazadan t\u0259l\u0259bl\u0259riniz\u0259 uy\u011fun&#8230;<\/p>\n","protected":false},"author":1,"featured_media":0,"parent":0,"menu_order":0,"comment_status":"closed","ping_status":"closed","template":"","meta":{"_monsterinsights_skip_tracking":false,"_monsterinsights_sitenote_active":false,"_monsterinsights_sitenote_note":"","_monsterinsights_sitenote_category":0,"footnotes":""},"class_list":["post-8235","page","type-page","status-publish","hentry"],"_links":{"self":[{"href":"https:\/\/rns.az\/az\/wp-json\/wp\/v2\/pages\/8235","targetHints":{"allow":["GET"]}}],"collection":[{"href":"https:\/\/rns.az\/az\/wp-json\/wp\/v2\/pages"}],"about":[{"href":"https:\/\/rns.az\/az\/wp-json\/wp\/v2\/types\/page"}],"author":[{"embeddable":true,"href":"https:\/\/rns.az\/az\/wp-json\/wp\/v2\/users\/1"}],"replies":[{"embeddable":true,"href":"https:\/\/rns.az\/az\/wp-json\/wp\/v2\/comments?post=8235"}],"version-history":[{"count":0,"href":"https:\/\/rns.az\/az\/wp-json\/wp\/v2\/pages\/8235\/revisions"}],"wp:attachment":[{"href":"https:\/\/rns.az\/az\/wp-json\/wp\/v2\/media?parent=8235"}],"curies":[{"name":"wp","href":"https:\/\/api.w.org\/{rel}","templated":true}]}}