{"id":8401,"date":"2017-06-23T23:05:48","date_gmt":"2017-06-23T23:05:48","guid":{"rendered":"http:\/\/rns.az\/%c9%99mlak-axtarisi\/"},"modified":"2025-08-30T08:56:46","modified_gmt":"2025-08-30T08:56:46","slug":"properties-search","status":"publish","type":"page","link":"https:\/\/rns.az\/az\/properties-search\/","title":{"rendered":"RNS.AZ \u2014 Da\u015f\u0131nmaz \u0259mlak axtar\u0131\u015f\u0131"},"content":{"rendered":"\n<p>RNS.AZ\u2011\u0131n geni\u015fl\u0259ndirilmi\u015f axtar\u0131\u015f\u0131ndan istifad\u0259 ed\u0259r\u0259k Bak\u0131da m\u0259nzil, ev v\u0259 kommersiya obyektl\u0259rini tez tap\u0131n. Rayon, qiym\u0259t, otaq say\u0131, sah\u0259, yeni tikili v\u0259 imkanlara g\u00f6r\u0259 s\u00fczg\u0259cd\u0259n ke\u00e7irin.<\/p>\n","protected":false},"excerpt":{"rendered":"<p>RNS.AZ\u2011\u0131n geni\u015fl\u0259ndirilmi\u015f axtar\u0131\u015f\u0131ndan istifad\u0259 ed\u0259r\u0259k Bak\u0131da m\u0259nzil, ev v\u0259 kommersiya obyektl\u0259rini tez tap\u0131n. Rayon, qiym\u0259t, otaq say\u0131, sah\u0259, yeni tikili v\u0259 imkanlara g\u00f6r\u0259 s\u00fczg\u0259cd\u0259n ke\u00e7irin.<\/p>\n","protected":false},"author":1,"featured_media":0,"parent":0,"menu_order":0,"comment_status":"open","ping_status":"closed","template":"templates\/properties-search.php","meta":{"_monsterinsights_skip_tracking":false,"_monsterinsights_sitenote_active":false,"_monsterinsights_sitenote_note":"","_monsterinsights_sitenote_category":0,"footnotes":""},"class_list":["post-8401","page","type-page","status-publish","hentry"],"_links":{"self":[{"href":"https:\/\/rns.az\/az\/wp-json\/wp\/v2\/pages\/8401","targetHints":{"allow":["GET"]}}],"collection":[{"href":"https:\/\/rns.az\/az\/wp-json\/wp\/v2\/pages"}],"about":[{"href":"https:\/\/rns.az\/az\/wp-json\/wp\/v2\/types\/page"}],"author":[{"embeddable":true,"href":"https:\/\/rns.az\/az\/wp-json\/wp\/v2\/users\/1"}],"replies":[{"embeddable":true,"href":"https:\/\/rns.az\/az\/wp-json\/wp\/v2\/comments?post=8401"}],"version-history":[{"count":0,"href":"https:\/\/rns.az\/az\/wp-json\/wp\/v2\/pages\/8401\/revisions"}],"wp:attachment":[{"href":"https:\/\/rns.az\/az\/wp-json\/wp\/v2\/media?parent=8401"}],"curies":[{"name":"wp","href":"https:\/\/api.w.org\/{rel}","templated":true}]}}